{"id":2444,"date":"2024-03-08T19:18:57","date_gmt":"2024-03-08T22:18:57","guid":{"rendered":"https:\/\/noxie.com.br\/?page_id=2444"},"modified":"2024-03-08T19:20:39","modified_gmt":"2024-03-08T22:20:39","slug":"outsourcing","status":"publish","type":"page","link":"https:\/\/noxie.com.br\/index.php\/outsourcing\/","title":{"rendered":"Outsourcing"},"content":{"rendered":"\t\t<div data-elementor-type=\"wp-page\" data-elementor-id=\"2444\" class=\"elementor elementor-2444\">\n\t\t\t\t<div class=\"elementor-element elementor-element-b258495 e-flex e-con-boxed e-con e-parent\" data-id=\"b258495\" data-element_type=\"container\" data-core-v316-plus=\"true\">\n\t\t\t\t\t<div class=\"e-con-inner\">\n\t\t\t\t<div class=\"elementor-element elementor-element-83d051e elementor-widget elementor-widget-text-editor\" data-id=\"83d051e\" data-element_type=\"widget\" data-widget_type=\"text-editor.default\">\n\t\t\t\t<div class=\"elementor-widget-container\">\n\t\t\t<style>\/*! elementor - v3.20.0 - 11-03-2024 *\/\n.elementor-widget-text-editor.elementor-drop-cap-view-stacked .elementor-drop-cap{background-color:#69727d;color:#fff}.elementor-widget-text-editor.elementor-drop-cap-view-framed .elementor-drop-cap{color:#69727d;border:3px solid;background-color:transparent}.elementor-widget-text-editor:not(.elementor-drop-cap-view-default) .elementor-drop-cap{margin-top:8px}.elementor-widget-text-editor:not(.elementor-drop-cap-view-default) .elementor-drop-cap-letter{width:1em;height:1em}.elementor-widget-text-editor .elementor-drop-cap{float:left;text-align:center;line-height:1;font-size:50px}.elementor-widget-text-editor .elementor-drop-cap-letter{display:inline-block}<\/style>\t\t\t\t<p>Aloca\u00e7\u00e3o de profissionais especializados para realizarem o desenvolvimento de acordo com sua demanda, sendo gerenciados pelo cliente e por n\u00f3s.<\/p><h4>Vantagens:<\/h4><div>\u00a0<\/div><ul><li>Capacidade t\u00e9cnica em v\u00e1rias plataformas;<\/li><li>Transpar\u00eancia nas opera\u00e7\u00f5es;<\/li><li>Melhoria na rela\u00e7\u00e3o custo x benef\u00edcio;<\/li><li>Flexibilidade e agilidade em infraestrutura<\/li><\/ul>\t\t\t\t\t\t<\/div>\n\t\t\t\t<\/div>\n\t\t\t\t\t<\/div>\n\t\t\t\t<\/div>\n\t\t\t\t<\/div>\n\t\t","protected":false},"excerpt":{"rendered":"<p>Aloca\u00e7\u00e3o de profissionais especializados para realizarem o desenvolvimento de acordo com sua demanda, sendo gerenciados pelo cliente e por n\u00f3s. Vantagens: \u00a0 Capacidade t\u00e9cnica em v\u00e1rias plataformas; Transpar\u00eancia nas opera\u00e7\u00f5es; Melhoria na rela\u00e7\u00e3o custo x benef\u00edcio; Flexibilidade e agilidade em infraestrutura<\/p>\n","protected":false},"author":1,"featured_media":0,"parent":0,"menu_order":0,"comment_status":"closed","ping_status":"closed","template":"","meta":{"footnotes":""},"blocksy_meta":[],"_links":{"self":[{"href":"https:\/\/noxie.com.br\/index.php\/wp-json\/wp\/v2\/pages\/2444"}],"collection":[{"href":"https:\/\/noxie.com.br\/index.php\/wp-json\/wp\/v2\/pages"}],"about":[{"href":"https:\/\/noxie.com.br\/index.php\/wp-json\/wp\/v2\/types\/page"}],"author":[{"embeddable":true,"href":"https:\/\/noxie.com.br\/index.php\/wp-json\/wp\/v2\/users\/1"}],"replies":[{"embeddable":true,"href":"https:\/\/noxie.com.br\/index.php\/wp-json\/wp\/v2\/comments?post=2444"}],"version-history":[{"count":7,"href":"https:\/\/noxie.com.br\/index.php\/wp-json\/wp\/v2\/pages\/2444\/revisions"}],"predecessor-version":[{"id":2451,"href":"https:\/\/noxie.com.br\/index.php\/wp-json\/wp\/v2\/pages\/2444\/revisions\/2451"}],"wp:attachment":[{"href":"https:\/\/noxie.com.br\/index.php\/wp-json\/wp\/v2\/media?parent=2444"}],"curies":[{"name":"wp","href":"https:\/\/api.w.org\/{rel}","templated":true}]}}