{"id":2435,"date":"2024-03-08T19:15:03","date_gmt":"2024-03-08T22:15:03","guid":{"rendered":"https:\/\/noxie.com.br\/?page_id=2435"},"modified":"2024-03-08T19:17:57","modified_gmt":"2024-03-08T22:17:57","slug":"fabrica-de-software","status":"publish","type":"page","link":"https:\/\/noxie.com.br\/index.php\/fabrica-de-software\/","title":{"rendered":"F\u00e1brica de Software"},"content":{"rendered":"\t\t<div data-elementor-type=\"wp-page\" data-elementor-id=\"2435\" class=\"elementor elementor-2435\">\n\t\t\t\t<div class=\"elementor-element elementor-element-aab1556 e-flex e-con-boxed e-con e-parent\" data-id=\"aab1556\" data-element_type=\"container\" data-core-v316-plus=\"true\">\n\t\t\t\t\t<div class=\"e-con-inner\">\n\t\t\t\t<div class=\"elementor-element elementor-element-33c13ce elementor-widget elementor-widget-text-editor\" data-id=\"33c13ce\" data-element_type=\"widget\" data-widget_type=\"text-editor.default\">\n\t\t\t\t<div class=\"elementor-widget-container\">\n\t\t\t<style>\/*! elementor - v3.20.0 - 11-03-2024 *\/\n.elementor-widget-text-editor.elementor-drop-cap-view-stacked .elementor-drop-cap{background-color:#69727d;color:#fff}.elementor-widget-text-editor.elementor-drop-cap-view-framed .elementor-drop-cap{color:#69727d;border:3px solid;background-color:transparent}.elementor-widget-text-editor:not(.elementor-drop-cap-view-default) .elementor-drop-cap{margin-top:8px}.elementor-widget-text-editor:not(.elementor-drop-cap-view-default) .elementor-drop-cap-letter{width:1em;height:1em}.elementor-widget-text-editor .elementor-drop-cap{float:left;text-align:center;line-height:1;font-size:50px}.elementor-widget-text-editor .elementor-drop-cap-letter{display:inline-block}<\/style>\t\t\t\t<p>Nossa f\u00e1brica de software tem como alvo o desenvolvimento de solu\u00e7\u00f5es objetivas para problemas complexos com foco na melhor experi\u00eancia, produtividade e satisfa\u00e7\u00e3o do cliente, al\u00e9m do mais, contamos com time multidisciplinar capaz de transformar suas melhores ideias em funcionalidades.<\/p>\n<p>De modo a prover ferramentas de integra\u00e7\u00e3o, automa\u00e7\u00e3o e desenvolvimento customizado que permitam solu\u00e7\u00f5es objetivas para quest\u00f5es complexas.<\/p>\n<h4><b>Do desenho \u00e0 otimiza\u00e7\u00e3o cont\u00ednua <\/b><\/h4>\n<p><span style=\"font-size: inherit; text-align: inherit; font-family: var( --e-global-typography-text-font-family ), Sans-serif; font-weight: var( --e-global-typography-text-font-weight ); background-color: var(--theme-palette-color-8); color: var(--theme-text-color); font-style: var(--theme-font-style, inherit); letter-spacing: var(--theme-letter-spacing); text-transform: var(--theme-text-transform);\"><br><\/span><\/p><p><span style=\"font-size: inherit; text-align: inherit; font-family: var( --e-global-typography-text-font-family ), Sans-serif; font-weight: var( --e-global-typography-text-font-weight ); background-color: var(--theme-palette-color-8); color: var(--theme-text-color); font-style: var(--theme-font-style, inherit); letter-spacing: var(--theme-letter-spacing); text-transform: var(--theme-text-transform);\">Atuamos desde a concep\u00e7\u00e3o da solu\u00e7\u00e3o e detalhamento funcional at\u00e9 a fase de testes e produ\u00e7\u00e3o. Tamb\u00e9m mantemos um processo de desenvolvimento cont\u00ednuo, de manuten\u00e7\u00e3o do c\u00f3digo, assim como mudan\u00e7as e acr\u00e9scimos de funcionalidades.<\/span><br><\/p>\t\t\t\t\t\t<\/div>\n\t\t\t\t<\/div>\n\t\t\t\t\t<\/div>\n\t\t\t\t<\/div>\n\t\t\t\t<\/div>\n\t\t","protected":false},"excerpt":{"rendered":"<p>Nossa f\u00e1brica de software tem como alvo o desenvolvimento de solu\u00e7\u00f5es objetivas para problemas complexos com foco na melhor experi\u00eancia, produtividade e satisfa\u00e7\u00e3o do cliente, al\u00e9m do mais, contamos com time multidisciplinar capaz de transformar suas melhores ideias em funcionalidades. De modo a prover ferramentas de integra\u00e7\u00e3o, automa\u00e7\u00e3o e desenvolvimento customizado que permitam solu\u00e7\u00f5es objetivas [&hellip;]<\/p>\n","protected":false},"author":1,"featured_media":0,"parent":0,"menu_order":0,"comment_status":"closed","ping_status":"closed","template":"","meta":{"footnotes":""},"blocksy_meta":[],"_links":{"self":[{"href":"https:\/\/noxie.com.br\/index.php\/wp-json\/wp\/v2\/pages\/2435"}],"collection":[{"href":"https:\/\/noxie.com.br\/index.php\/wp-json\/wp\/v2\/pages"}],"about":[{"href":"https:\/\/noxie.com.br\/index.php\/wp-json\/wp\/v2\/types\/page"}],"author":[{"embeddable":true,"href":"https:\/\/noxie.com.br\/index.php\/wp-json\/wp\/v2\/users\/1"}],"replies":[{"embeddable":true,"href":"https:\/\/noxie.com.br\/index.php\/wp-json\/wp\/v2\/comments?post=2435"}],"version-history":[{"count":8,"href":"https:\/\/noxie.com.br\/index.php\/wp-json\/wp\/v2\/pages\/2435\/revisions"}],"predecessor-version":[{"id":2443,"href":"https:\/\/noxie.com.br\/index.php\/wp-json\/wp\/v2\/pages\/2435\/revisions\/2443"}],"wp:attachment":[{"href":"https:\/\/noxie.com.br\/index.php\/wp-json\/wp\/v2\/media?parent=2435"}],"curies":[{"name":"wp","href":"https:\/\/api.w.org\/{rel}","templated":true}]}}