{"id":1296,"date":"2022-06-23T14:22:33","date_gmt":"2022-06-23T14:22:33","guid":{"rendered":"https:\/\/demo.creativethemes.com\/stagingtwo\/?page_id=1296"},"modified":"2024-03-08T19:13:03","modified_gmt":"2024-03-08T22:13:03","slug":"about","status":"publish","type":"page","link":"https:\/\/noxie.com.br\/index.php\/about\/","title":{"rendered":"About"},"content":{"rendered":"\t\t<div data-elementor-type=\"wp-page\" data-elementor-id=\"1296\" class=\"elementor elementor-1296\">\n\t\t\t\t<div class=\"elementor-element elementor-element-7a1c244 e-con-full e-flex e-con e-parent\" data-id=\"7a1c244\" data-element_type=\"container\" data-settings=\"{&quot;background_background&quot;:&quot;classic&quot;}\" data-core-v316-plus=\"true\">\n\t\t\t\t<div class=\"elementor-element elementor-element-8a7517f elementor-widget__width-initial elementor-widget-mobile__width-inherit elementor-widget elementor-widget-text-editor\" data-id=\"8a7517f\" data-element_type=\"widget\" data-widget_type=\"text-editor.default\">\n\t\t\t\t<div class=\"elementor-widget-container\">\n\t\t\t<style>\/*! elementor - v3.20.0 - 11-03-2024 *\/\n.elementor-widget-text-editor.elementor-drop-cap-view-stacked .elementor-drop-cap{background-color:#69727d;color:#fff}.elementor-widget-text-editor.elementor-drop-cap-view-framed .elementor-drop-cap{color:#69727d;border:3px solid;background-color:transparent}.elementor-widget-text-editor:not(.elementor-drop-cap-view-default) .elementor-drop-cap{margin-top:8px}.elementor-widget-text-editor:not(.elementor-drop-cap-view-default) .elementor-drop-cap-letter{width:1em;height:1em}.elementor-widget-text-editor .elementor-drop-cap{float:left;text-align:center;line-height:1;font-size:50px}.elementor-widget-text-editor .elementor-drop-cap-letter{display:inline-block}<\/style>\t\t\t\t<p style=\"language: pt-BR; line-height: 150%; margin-top: 0pt; margin-bottom: 0pt; margin-left: 0in; text-align: justify; text-justify: inter-ideograph; direction: ltr; unicode-bidi: embed; mso-line-break-override: none; word-break: normal; punctuation-wrap: hanging;\"><span style=\"font-size: 18.0pt; font-family: 'Century Gothic'; mso-ascii-font-family: 'Century Gothic'; mso-fareast-font-family: Calibri; mso-bidi-font-family: 'Times New Roman'; color: white; mso-color-index: 1; mso-font-kerning: 12.0pt; language: pt-BR; mso-style-textfill-type: solid; mso-style-textfill-fill-themecolor: text1; mso-style-textfill-fill-color: white; mso-style-textfill-fill-alpha: 100.0%;\">A NOXIE Tecnologia, fundada em 2014, tem como foco o desenvolvimento de solu\u00e7\u00f5es que permitam o atendimento pleno de seus clientes.<\/span><\/p><p style=\"language: pt-BR; line-height: 150%; margin-top: 0pt; margin-bottom: 0pt; margin-left: 0in; text-align: justify; text-justify: inter-ideograph; direction: ltr; unicode-bidi: embed; mso-line-break-override: none; word-break: normal; punctuation-wrap: hanging;\"><span style=\"font-size: 18.0pt; font-family: 'Century Gothic'; mso-ascii-font-family: 'Century Gothic'; mso-fareast-font-family: Calibri; mso-bidi-font-family: 'Times New Roman'; color: white; mso-color-index: 1; mso-font-kerning: 12.0pt; language: pt-BR; mso-style-textfill-type: solid; mso-style-textfill-fill-themecolor: text1; mso-style-textfill-fill-color: white; mso-style-textfill-fill-alpha: 100.0%;\">\u00a0<\/span><\/p><p style=\"language: pt-BR; line-height: 150%; margin-top: 0pt; margin-bottom: 0pt; margin-left: 0in; text-align: justify; text-justify: inter-ideograph; direction: ltr; unicode-bidi: embed; mso-line-break-override: none; word-break: normal; punctuation-wrap: hanging;\">\u00a0<\/p><p style=\"language: pt-BR; line-height: 150%; margin-top: 0pt; margin-bottom: 0pt; margin-left: 0in; text-align: justify; text-justify: inter-ideograph; direction: ltr; unicode-bidi: embed; mso-line-break-override: none; word-break: normal; punctuation-wrap: hanging;\"><span style=\"font-size: 18.0pt; font-family: 'Century Gothic'; mso-ascii-font-family: 'Century Gothic'; mso-fareast-font-family: +mn-ea; mso-bidi-font-family: 'Times New Roman'; mso-fareast-theme-font: minor-fareast; color: white; mso-color-index: 1; mso-font-kerning: 12.0pt; language: pt-BR; mso-style-textfill-type: solid; mso-style-textfill-fill-themecolor: text1; mso-style-textfill-fill-color: white; mso-style-textfill-fill-alpha: 100.0%;\">Nossa f\u00e1brica de projetos \u00e9 formada por profissionais com o mais alto n\u00edvel de experi\u00eancia. Desenvolvemos solu\u00e7\u00f5es tecnol\u00f3gicas para as mais diversas plataformas (Windows, Web, Linux, <\/span><span style=\"font-size: 18.0pt; font-family: 'Century Gothic'; mso-ascii-font-family: 'Century Gothic'; mso-fareast-font-family: +mn-ea; mso-bidi-font-family: 'Times New Roman'; mso-fareast-theme-font: minor-fareast; color: white; mso-color-index: 1; mso-font-kerning: 12.0pt; language: pt-BR; mso-style-textfill-type: solid; mso-style-textfill-fill-themecolor: text1; mso-style-textfill-fill-color: white; mso-style-textfill-fill-alpha: 100.0%;\">IOs<\/span><span style=\"font-size: 18.0pt; font-family: 'Century Gothic'; mso-ascii-font-family: 'Century Gothic'; mso-fareast-font-family: +mn-ea; mso-bidi-font-family: 'Times New Roman'; mso-fareast-theme-font: minor-fareast; color: white; mso-color-index: 1; mso-font-kerning: 12.0pt; language: pt-BR; mso-style-textfill-type: solid; mso-style-textfill-fill-themecolor: text1; mso-style-textfill-fill-color: white; mso-style-textfill-fill-alpha: 100.0%;\">, Android).<\/span><\/p><p style=\"language: pt-BR; line-height: 150%; margin-top: 0pt; margin-bottom: 0pt; margin-left: 0in; text-align: justify; text-justify: inter-ideograph; direction: ltr; unicode-bidi: embed; mso-line-break-override: none; word-break: normal; punctuation-wrap: hanging;\">\u00a0<\/p><p>\u00a0<\/p><p style=\"language: pt-BR; line-height: 150%; margin-top: 0pt; margin-bottom: 0pt; margin-left: 0in; text-align: justify; text-justify: inter-ideograph; direction: ltr; unicode-bidi: embed; mso-line-break-override: none; word-break: normal; punctuation-wrap: hanging;\"><span style=\"font-size: 18.0pt; font-family: 'Century Gothic'; mso-ascii-font-family: 'Century Gothic'; mso-fareast-font-family: Calibri; mso-bidi-font-family: 'Times New Roman'; color: white; mso-color-index: 1; mso-font-kerning: 12.0pt; language: pt-BR; mso-style-textfill-type: solid; mso-style-textfill-fill-themecolor: text1; mso-style-textfill-fill-color: white; mso-style-textfill-fill-alpha: 100.0%;\">Atuamos em todo o ciclo de vida de desenvolvimento do software ou em fases espec\u00edficas, dependendo da necessidade do cliente. Por esse motivo, atendemos empresas de todos os portes e segmentos de mercado.<\/span><\/p>\t\t\t\t\t\t<\/div>\n\t\t\t\t<\/div>\n\t\t\t\t<\/div>\n\t\t<div class=\"elementor-element elementor-element-8796564 e-flex e-con-boxed e-con e-parent\" data-id=\"8796564\" data-element_type=\"container\" data-core-v316-plus=\"true\">\n\t\t\t\t\t<div class=\"e-con-inner\">\n\t\t\t\t<div class=\"elementor-element elementor-element-38e30a7 elementor-widget elementor-widget-heading\" data-id=\"38e30a7\" data-element_type=\"widget\" data-widget_type=\"heading.default\">\n\t\t\t\t<div class=\"elementor-widget-container\">\n\t\t\t<style>\/*! elementor - v3.20.0 - 11-03-2024 *\/\n.elementor-heading-title{padding:0;margin:0;line-height:1}.elementor-widget-heading .elementor-heading-title[class*=elementor-size-]>a{color:inherit;font-size:inherit;line-height:inherit}.elementor-widget-heading .elementor-heading-title.elementor-size-small{font-size:15px}.elementor-widget-heading .elementor-heading-title.elementor-size-medium{font-size:19px}.elementor-widget-heading .elementor-heading-title.elementor-size-large{font-size:29px}.elementor-widget-heading .elementor-heading-title.elementor-size-xl{font-size:39px}.elementor-widget-heading .elementor-heading-title.elementor-size-xxl{font-size:59px}<\/style><h1 class=\"elementor-heading-title elementor-size-default\"><br>Miss\u00e3o, Valores e cultura<br><\/h1>\t\t<\/div>\n\t\t\t\t<\/div>\n\t\t\t\t\t<\/div>\n\t\t\t\t<\/div>\n\t\t<div class=\"elementor-element elementor-element-5586347 e-flex e-con-boxed e-con e-parent\" data-id=\"5586347\" data-element_type=\"container\" data-core-v316-plus=\"true\">\n\t\t\t\t\t<div class=\"e-con-inner\">\n\t\t<div class=\"elementor-element elementor-element-9782808 e-con-full e-flex e-con e-child\" data-id=\"9782808\" data-element_type=\"container\">\n\t\t\t\t<div class=\"elementor-element elementor-element-86f467f elementor-widget elementor-widget-heading\" data-id=\"86f467f\" data-element_type=\"widget\" data-widget_type=\"heading.default\">\n\t\t\t\t<div class=\"elementor-widget-container\">\n\t\t\t<h2 class=\"elementor-heading-title elementor-size-default\">Miss\u00e3o<\/h2>\t\t<\/div>\n\t\t\t\t<\/div>\n\t\t\t\t<\/div>\n\t\t<div class=\"elementor-element elementor-element-d4e9e42 e-con-full e-flex e-con e-child\" data-id=\"d4e9e42\" data-element_type=\"container\">\n\t\t\t\t<div class=\"elementor-element elementor-element-b1fd9a3 elementor-widget elementor-widget-heading\" data-id=\"b1fd9a3\" data-element_type=\"widget\" data-widget_type=\"heading.default\">\n\t\t\t\t<div class=\"elementor-widget-container\">\n\t\t\t<h2 class=\"elementor-heading-title elementor-size-default\">Valores<\/h2>\t\t<\/div>\n\t\t\t\t<\/div>\n\t\t\t\t<\/div>\n\t\t<div class=\"elementor-element elementor-element-66356e4 e-con-full e-flex e-con e-child\" data-id=\"66356e4\" data-element_type=\"container\">\n\t\t\t\t<div class=\"elementor-element elementor-element-77aaf12 elementor-widget elementor-widget-heading\" data-id=\"77aaf12\" data-element_type=\"widget\" data-widget_type=\"heading.default\">\n\t\t\t\t<div class=\"elementor-widget-container\">\n\t\t\t<h2 class=\"elementor-heading-title elementor-size-default\">Cultura<\/h2>\t\t<\/div>\n\t\t\t\t<\/div>\n\t\t\t\t<\/div>\n\t\t<div class=\"elementor-element elementor-element-86f6606 e-con-full e-flex e-con e-child\" data-id=\"86f6606\" data-element_type=\"container\">\n\t\t\t\t<div class=\"elementor-element elementor-element-d43f6ad elementor-widget elementor-widget-text-editor\" data-id=\"d43f6ad\" data-element_type=\"widget\" data-widget_type=\"text-editor.default\">\n\t\t\t\t<div class=\"elementor-widget-container\">\n\t\t\t\t\t\t\t<p>Nossa miss\u00e3o \u00e9 fornecer aos nossos clientes, softwares de alta qualidade e produtividade para gest\u00e3o empresarial, de elevada efici\u00eancia e efic\u00e1cia, proporcionando uma maior competitividade e lucratividade.<\/p>\t\t\t\t\t\t<\/div>\n\t\t\t\t<\/div>\n\t\t\t\t<\/div>\n\t\t<div class=\"elementor-element elementor-element-83e832c e-con-full e-flex e-con e-child\" data-id=\"83e832c\" data-element_type=\"container\">\n\t\t\t\t<div class=\"elementor-element elementor-element-dc5e6cf elementor-widget elementor-widget-text-editor\" data-id=\"dc5e6cf\" data-element_type=\"widget\" data-widget_type=\"text-editor.default\">\n\t\t\t\t<div class=\"elementor-widget-container\">\n\t\t\t\t\t\t\t<ul><li>Sabedoria<\/li><li>Disciplina<\/li><li>Foco<\/li><\/ul>\t\t\t\t\t\t<\/div>\n\t\t\t\t<\/div>\n\t\t\t\t<\/div>\n\t\t<div class=\"elementor-element elementor-element-fd98e9f e-con-full e-flex e-con e-child\" data-id=\"fd98e9f\" data-element_type=\"container\">\n\t\t\t\t<div class=\"elementor-element elementor-element-15f6276 elementor-widget elementor-widget-text-editor\" data-id=\"15f6276\" data-element_type=\"widget\" data-widget_type=\"text-editor.default\">\n\t\t\t\t<div class=\"elementor-widget-container\">\n\t\t\t\t\t\t\t<ul><li>Busca permanente pela Qualidade.<\/li><li>Transpar\u00eancia em nossas a\u00e7\u00f5es.<\/li><li>Solu\u00e7\u00f5es que simplificam a vida dos nossos clientes.<\/li><li>Comprometimento com o resultado.<\/li><\/ul>\t\t\t\t\t\t<\/div>\n\t\t\t\t<\/div>\n\t\t\t\t<\/div>\n\t\t\t\t\t<\/div>\n\t\t\t\t<\/div>\n\t\t<div class=\"elementor-element elementor-element-9ed25f0 e-flex e-con-boxed e-con e-parent\" data-id=\"9ed25f0\" data-element_type=\"container\" data-core-v316-plus=\"true\">\n\t\t\t\t\t<div class=\"e-con-inner\">\n\t\t\t\t\t<\/div>\n\t\t\t\t<\/div>\n\t\t\t\t<\/div>\n\t\t","protected":false},"excerpt":{"rendered":"<p>A NOXIE Tecnologia, fundada em 2014, tem como foco o desenvolvimento de solu\u00e7\u00f5es que permitam o atendimento pleno de seus clientes. \u00a0 \u00a0 Nossa f\u00e1brica de projetos \u00e9 formada por profissionais com o mais alto n\u00edvel de experi\u00eancia. Desenvolvemos solu\u00e7\u00f5es tecnol\u00f3gicas para as mais diversas plataformas (Windows, Web, Linux, IOs, Android). \u00a0 \u00a0 Atuamos em [&hellip;]<\/p>\n","protected":false},"author":1,"featured_media":0,"parent":0,"menu_order":0,"comment_status":"closed","ping_status":"closed","template":"","meta":{"footnotes":""},"blocksy_meta":{"styles_descriptor":{"styles":{"desktop":"","tablet":"","mobile":""},"google_fonts":[],"version":6},"page_title_panel":"","has_hero_section":"disabled","54e3e782743212c86bd72772a65ad834":"","hero_section":"type-1","hero_elements":[{"id":"custom_title","enabled":false,"heading_tag":"h1","title":"Home","__id":"W29ARGquUmUcufaIOZ-Et"},{"id":"custom_description","enabled":true,"description_visibility":{"desktop":true,"tablet":true,"mobile":false},"__id":"dSGim1zjrHWKarpJVQ4d-"},{"id":"custom_meta","enabled":false,"meta_elements":[{"id":"author","enabled":true,"label":"By","has_author_avatar":"yes","avatar_size":25},{"id":"post_date","enabled":true,"label":"On","date_format_source":"default","date_format":"M j, Y"},{"id":"updated_date","enabled":false,"label":"On","date_format_source":"default","date_format":"M j, Y"},{"id":"categories","enabled":false,"label":"In","style":"simple"},{"id":"comments","enabled":true}],"page_meta_elements":{"joined":true,"articles_count":true,"comments":true},"__id":"kEXtA9QPuFyh14VCS_EkH"},{"id":"breadcrumbs","enabled":false,"__id":"k8b1W5lw56EG_yGPA_xVu"}],"18da79554178a1d4308110d7f3ab9cb6":"","hero_alignment1":"CT_CSS_SKIP_RULE","hero_margin":40,"hero_alignment2":"center","hero_vertical_alignment":"center","dbf5b8e1860399eeba62bc1beb060b3d":"","hero_structure":"narrow","09e58e37f0296477f24277e88a79eff4":"","page_title_bg_type":"featured_image","custom_hero_background":{"attachment_id":null},"page_title_image_size":"full","parallax":{"desktop":false,"tablet":false,"mobile":false},"cb42620d1181dab677965a3678c8446a":"","hero_height":"250px","pageTitleFont":{"family":"Default","variation":"Default","size":"30px","line-height":"CT_CSS_SKIP_RULE","letter-spacing":"CT_CSS_SKIP_RULE","text-transform":"CT_CSS_SKIP_RULE","text-decoration":"CT_CSS_SKIP_RULE"},"pageTitleFontColor":{"default":{"color":"CT_CSS_SKIP_RULEDEFAULT"}},"pageMetaFont":{"family":"Default","variation":"n6","size":"12px","line-height":"1.3","letter-spacing":"CT_CSS_SKIP_RULE","text-transform":"uppercase","text-decoration":"CT_CSS_SKIP_RULE"},"pageMetaFontColor":{"default":{"color":"CT_CSS_SKIP_RULEDEFAULT"},"hover":{"color":"CT_CSS_SKIP_RULEDEFAULT"}},"page_meta_button_type_font_colors":{"default":{"color":"CT_CSS_SKIP_RULEDEFAULT"},"hover":{"color":"CT_CSS_SKIP_RULEDEFAULT"}},"page_meta_button_type_background_colors":{"default":{"color":"CT_CSS_SKIP_RULEDEFAULT"},"hover":{"color":"CT_CSS_SKIP_RULEDEFAULT"}},"pageExcerptFont":{"family":"Default","variation":"Default","size":"CT_CSS_SKIP_RULE","line-height":"CT_CSS_SKIP_RULE","letter-spacing":"CT_CSS_SKIP_RULE","text-transform":"CT_CSS_SKIP_RULE","text-decoration":"CT_CSS_SKIP_RULE"},"pageExcerptColor":{"default":{"color":"CT_CSS_SKIP_RULEDEFAULT"}},"breadcrumbsFont":{"family":"Default","variation":"Default","size":"CT_CSS_SKIP_RULE","line-height":"CT_CSS_SKIP_RULE","letter-spacing":"CT_CSS_SKIP_RULE","text-transform":"CT_CSS_SKIP_RULE","text-decoration":"CT_CSS_SKIP_RULE"},"breadcrumbsFontColor":{"default":{"color":"CT_CSS_SKIP_RULEDEFAULT"},"initial":{"color":"CT_CSS_SKIP_RULEDEFAULT"},"hover":{"color":"CT_CSS_SKIP_RULEDEFAULT"}},"pageTitleOverlay":{"background_type":"color","background_pattern":"type-1","background_image":{"attachment_id":null,"x":0,"y":0},"gradient":"linear-gradient(135deg,rgba(6,147,227,1) 0%,rgb(155,81,224) 100%)","background_repeat":"repeat","background_size":"auto","background_attachment":"scroll","patternColor":{"default":{"color":"#e5e7ea"}},"overlayColor":{"default":{"color":"CT_CSS_SKIP_RULE"}},"backgroundColor":{"default":{"color":"CT_CSS_SKIP_RULE"}}},"pageTitleBackground":{"background_type":"color","background_pattern":"type-1","background_image":{"attachment_id":null,"x":0,"y":0},"gradient":"linear-gradient(135deg,rgba(6,147,227,1) 0%,rgb(155,81,224) 100%)","background_repeat":"repeat","background_size":"auto","background_attachment":"scroll","patternColor":{"default":{"color":"#e5e7ea"}},"overlayColor":{"default":{"color":"CT_CSS_SKIP_RULE"}},"backgroundColor":{"default":{"color":"var(--theme-palette-color-6)"}}},"pageTitlePadding":{"top":"50px","bottom":"50px","left":"auto","right":"auto","linked":true},"a0be8fb8055cfa2445cc2dad1caf71f0":"","page_structure_type":"default","db449d33bf95b7d374912e6fcffea82c":"","content_style_source":"inherit","content_style":"wide","vertical_spacing_source":"custom","content_area_spacing":"none","background":{"background_type":"color","background_pattern":"type-1","background_image":{"attachment_id":null,"x":0,"y":0},"gradient":"linear-gradient(135deg,rgba(6,147,227,1) 0%,rgb(155,81,224) 100%)","background_repeat":"repeat","background_size":"auto","background_attachment":"scroll","patternColor":{"default":{"color":"#e5e7ea"}},"overlayColor":{"default":{"color":"CT_CSS_SKIP_RULE"}},"backgroundColor":{"default":{"color":"CT_CSS_SKIP_RULE"}}},"content_background":{"background_type":"color","background_pattern":"type-1","background_image":{"attachment_id":null,"x":0,"y":0},"gradient":"linear-gradient(135deg,rgba(6,147,227,1) 0%,rgb(155,81,224) 100%)","background_repeat":"repeat","background_size":"auto","background_attachment":"scroll","patternColor":{"default":{"color":"#e5e7ea"}},"overlayColor":{"default":{"color":"CT_CSS_SKIP_RULE"}},"backgroundColor":{"default":{"color":"var(--theme-palette-color-8)"}}},"content_boxed_shadow":{"inherit":false,"blur":18,"spread":-6,"v_offset":12,"h_offset":0,"inset":false,"enable":true,"color":{"color":"rgba(34, 56, 101, 0.04)"}},"content_boxed_border":{"width":1,"style":"none","color":{"color":"rgba(44,62,80,0.2)"}},"content_boxed_radius":{"top":"3px","bottom":"3px","left":"3px","right":"3px","linked":true},"boxed_content_spacing":{"desktop":{"top":"40px","bottom":"40px","left":"40px","right":"40px","linked":true},"tablet":{"top":"35px","bottom":"35px","left":"35px","right":"35px","linked":true},"mobile":{"top":"20px","bottom":"20px","left":"20px","right":"20px","linked":true}},"46dff334b1af8946ca594935cd67b5af":"","disable_featured_image":"no","disable_share_box":"no","disable_header":"no","disable_footer":"no","b0f745439c257854d756699e01436585":"","f5a6b74b2f4caeda61dbda379f367624":"","f20906bd44ec99493ad0a4e298e16034":"","b9dc48eb0bd2ca22595b8cef5b0e513a":"","7023308919ad37cb83b33b2e61d0aaaa":"","61e1b11cca9658b0f00762854131921a":"","c0fddd0f4289ba59e888649169fd969f":"","c5f2b7a1bb018fa6c7bd14fa9d0561f9":""},"_links":{"self":[{"href":"https:\/\/noxie.com.br\/index.php\/wp-json\/wp\/v2\/pages\/1296"}],"collection":[{"href":"https:\/\/noxie.com.br\/index.php\/wp-json\/wp\/v2\/pages"}],"about":[{"href":"https:\/\/noxie.com.br\/index.php\/wp-json\/wp\/v2\/types\/page"}],"author":[{"embeddable":true,"href":"https:\/\/noxie.com.br\/index.php\/wp-json\/wp\/v2\/users\/1"}],"replies":[{"embeddable":true,"href":"https:\/\/noxie.com.br\/index.php\/wp-json\/wp\/v2\/comments?post=1296"}],"version-history":[{"count":12,"href":"https:\/\/noxie.com.br\/index.php\/wp-json\/wp\/v2\/pages\/1296\/revisions"}],"predecessor-version":[{"id":2434,"href":"https:\/\/noxie.com.br\/index.php\/wp-json\/wp\/v2\/pages\/1296\/revisions\/2434"}],"wp:attachment":[{"href":"https:\/\/noxie.com.br\/index.php\/wp-json\/wp\/v2\/media?parent=1296"}],"curies":[{"name":"wp","href":"https:\/\/api.w.org\/{rel}","templated":true}]}}